{"id":3482,"date":"2026-03-06T20:53:50","date_gmt":"2026-03-06T23:53:50","guid":{"rendered":"https:\/\/ipesrg-scr.infd.edu.ar\/sitio\/?page_id=3482"},"modified":"2026-03-08T11:14:05","modified_gmt":"2026-03-08T14:14:05","slug":"inscripcion-materias-1er-cuatrimestre-y-anuales","status":"publish","type":"page","link":"https:\/\/ipesrg-scr.infd.edu.ar\/sitio\/inscripcion-materias-1er-cuatrimestre-y-anuales\/","title":{"rendered":"Inscripci\u00f3n Materias 1er. Cuatrimestre y Anuales"},"content":{"rendered":"\n<p><strong><u>Estimados alumnos:<\/u><\/strong> se informa que se encuentran abiertas las inscripciones a las unidades curriculares del  1er. cuatrimestre y Anuales<\/p>\n\n\n\n<p>Las mismas se realizaran<strong> <\/strong>el d\u00eda <strong>07\/03\/26<\/strong> a partir&nbsp;de las <strong>0:00 hs.<\/strong> hasta el <strong>11\/03\/26<\/strong> a las <strong>19:00 hs<\/strong>. (<strong>Sin Excepci\u00f3n)<\/strong><\/p>\n\n\n\n<p>Se solicita que antes de inscribirse revisen los <strong>HORARIOS<\/strong> de las Unidades Curriculares , dado que no se admitir\u00e1 superposici\u00f3n de horarios.<\/p>\n\n\n\n<p>Recuerden revisar que todos los datos sean correctos antes de enviar el formulario. Al finalizar la inscripci\u00f3n deber\u00e1n recibir confirmaci\u00f3n en su casilla de mail de las materias en las que se  Inscribi\u00f3 (spam, correos no deseados, promocionales, etc). <\/p>\n\n\n\n<p>Tengan en cuenta que solo podr\u00e1n realizar reclamos si tienen el mail de confirmaci\u00f3n.<\/p>\n\n\n\n<p><strong><u>ACLARACI\u00d3N:<\/u><\/strong>&nbsp;<\/p>\n\n\n\n<ul>\n<li>Los Alumnos <strong>INGRESANTES 2026<\/strong>  <strong><u>NO<\/u><\/strong> deben Inscribirse a 1er. a\u00f1o,  ingresan autom\u00e1ticamente, en cambio, los recursantes del 1er. a\u00f1o, S\u00ed lo deben hacer.<\/li>\n\n\n\n<li>Recuerden que se debe&nbsp;<strong>COMPLETAR<\/strong>&nbsp;un formulario ( de inicio a fin ) <strong>seg\u00fan la carrera elegida y la comisi\u00f3n <\/strong>.Cabe destacar, que deben anotarse a las <strong>Unidades Curriculares<\/strong> del<strong> 1er. Cuatrimestre y Anuales<\/strong>.<\/li>\n\n\n\n<li>Cada&nbsp;<strong>Formulario<\/strong>&nbsp;contiene todas la materias del plan de estudios, es decir, materias de&nbsp;<strong>1ero a 4to&nbsp;<\/strong>a\u00f1o. Los<strong>&nbsp;EDIS<\/strong>&nbsp;se encuentran en un formulario creado espec\u00edficamente para ello.<\/li>\n\n\n\n<li><strong>No est\u00e1 permitido&nbsp;<\/strong>anotarse a las &nbsp;<strong>Unidades Curriculares<\/strong>&nbsp;del <strong>2do. Cuatrimestre<\/strong>.<\/li>\n<\/ul>\n\n\n\n<p>Ante cualquier consulta o duda, dirigirse a Bedel\u00eda.<\/p>\n\n\n\n<p><strong>ES MUY IMPORTANTE<\/strong>&nbsp;<strong>DESTACAR<\/strong>:<\/p>\n\n\n\n<ul>\n<li>QUE DEBEN VERIFICAR EN EL PLAN DE ESTUDIOS&nbsp;<strong>LAS CORRELATIVIDADES<\/strong>&nbsp;PARA VER SI SE PUEDEN INSCRIBIR O NO.<\/li>\n<\/ul>\n\n\n\n<p>A continuaci\u00f3n se publican <strong> Plan de Estudios<\/strong>, <strong>Horarios<\/strong> <strong>y Formularios<\/strong> ordenados por Carrera, . <\/p>\n\n\n\n<p><strong>PLANES DE ESTUDIOS<\/strong> <strong>(CON CORRELATIVAS)<\/strong>: <\/p>\n\n\n\n<p><a href=\"https:\/\/ipesrg-scr.infd.edu.ar\/sitio\/wp-content\/uploads\/2025\/02\/Regimen-de-correlatividades-Profesorado-de-Educacion-Primaria-Aprobado-por-Res-1.pdf\" target=\"_blank\" rel=\"noreferrer noopener\">PRIMARIA<\/a><\/p>\n\n\n\n<p><a href=\"https:\/\/ipesrg-scr.infd.edu.ar\/sitio\/wp-content\/uploads\/2024\/02\/Sistema-Correlatividades-Prof.-Especial-Orientacion-Intelectual.pdf\" target=\"_blank\" rel=\"noreferrer noopener\">ESPECIAL (INTELECTUAL)<\/a><\/p>\n\n\n\n<p><a rel=\"noreferrer noopener\" href=\"https:\/\/ipesrg-scr.infd.edu.ar\/sitio\/wp-content\/uploads\/2019\/03\/Sistema-Correlatividades-Prof.-Especial-Or.-Sordos-e-Hipoac%C3%BAsicos.pdf\" target=\"_blank\">ESPECIAL (SORDOS E HIPOAC\u00daSICO)<\/a><\/p>\n\n\n\n<p><strong>HORARIOS<\/strong><\/p>\n\n\n\n<ul>\n<li><a href=\"https:\/\/ipesrg-scr.infd.edu.ar\/sitio\/wp-content\/uploads\/2026\/03\/Prof.-Ed.-Primaria-2026_1C_FINAL.pdf\" target=\"_blank\" rel=\"noreferrer noopener\">Primaria<\/a>&nbsp;<\/li>\n\n\n\n<li><a href=\"https:\/\/ipesrg-scr.infd.edu.ar\/sitio\/wp-content\/uploads\/2026\/03\/HORARIO-1ER-CUATRIMESTRE-2026_-PROF-EDUC-ESPECIAL-_FINAL.pdf\" target=\"_blank\" rel=\"noreferrer noopener\">Especial<\/a> <\/li>\n<\/ul>\n\n\n\n<h2 class=\"wp-block-heading has-text-align-center\"><strong><mark style=\"background-color:var(--accent)\" class=\"has-inline-color has-base-color\">FORMULARIOS DE INSCRIPCI\u00d3N<\/mark><\/strong><\/h2>\n\n\n\n<h2 class=\"wp-block-heading has-text-align-center\"><strong><mark style=\"background-color:var(--base-2)\" class=\"has-inline-color has-accent-color\">Primaria<\/mark><\/strong><\/h2>\n\n\n\n<p class=\"has-text-align-center\"><strong><mark style=\"background-color:var(--accent)\" class=\"has-inline-color has-base-2-color\">1ero. a 4to. a\u00f1o PLAN NUEVO (631)<\/mark><\/strong><\/p>\n\n\n<div class=\"wp-block-image\">\n<figure class=\"aligncenter is-resized\"><a href=\"https:\/\/forms.gle\/KZndmi1G2VnVc32a8\" target=\"_blank\" rel=\"noreferrer noopener\"><img decoding=\"async\" loading=\"lazy\" src=\"https:\/\/ipesrg-scr.infd.edu.ar\/sitio\/wp-content\/uploads\/2023\/08\/pngegg.png\" alt=\"\" class=\"wp-image-2460\" width=\"139\" height=\"98\" srcset=\"https:\/\/ipesrg-scr.infd.edu.ar\/sitio\/wp-content\/uploads\/2023\/08\/pngegg.png 842w, https:\/\/ipesrg-scr.infd.edu.ar\/sitio\/wp-content\/uploads\/2023\/08\/pngegg-768x543.png 768w\" sizes=\"(max-width: 139px) 100vw, 139px\" \/><\/a><\/figure><\/div>\n\n\n<p class=\"has-text-align-center\"><strong><mark style=\"background-color:var(--accent)\" class=\"has-inline-color has-base-2-color\">EDIS<\/mark><\/strong><\/p>\n\n\n<div class=\"wp-block-image\">\n<figure class=\"aligncenter is-resized\"><a href=\"https:\/\/forms.gle\/eSmWdt7NCRoUeBVp6\" target=\"_blank\" rel=\"noreferrer noopener\"><img decoding=\"async\" loading=\"lazy\" src=\"https:\/\/ipesrg-scr.infd.edu.ar\/sitio\/wp-content\/uploads\/2023\/08\/pngegg-edi.png\" alt=\"\" class=\"wp-image-2466\" width=\"86\" height=\"85\"\/><\/a><\/figure><\/div>\n\n\n<hr class=\"wp-block-separator has-alpha-channel-opacity\"\/>\n\n\n\n<h2 class=\"wp-block-heading has-text-align-center\"><strong><mark style=\"background-color:rgba(0, 0, 0, 0)\" class=\"has-inline-color has-accent-color\">Especial<\/mark><\/strong><\/h2>\n\n\n\n<p class=\"has-text-align-center\"><strong><mark style=\"background-color:var(--accent)\" class=\"has-inline-color has-base-2-color\">1ero. y 2do. a\u00f1o 295\/19<\/mark><\/strong><mark style=\"background-color:var(--accent)\" class=\"has-inline-color has-base-3-color\">(<strong>Ambas Orientaciones<\/strong>) &#8211; COMISION \u00abA\u00bb<\/mark><\/p>\n\n\n<div class=\"wp-block-image\">\n<figure class=\"aligncenter is-resized\"><a href=\"https:\/\/forms.gle\/HzSSS6ZDDC5hDZPc7\" target=\"_blank\" rel=\"noreferrer noopener\"><img decoding=\"async\" loading=\"lazy\" src=\"https:\/\/ipesrg-scr.infd.edu.ar\/sitio\/wp-content\/uploads\/2023\/08\/pngegg.png\" alt=\"\" class=\"wp-image-2460\" width=\"138\" height=\"98\" srcset=\"https:\/\/ipesrg-scr.infd.edu.ar\/sitio\/wp-content\/uploads\/2023\/08\/pngegg.png 842w, https:\/\/ipesrg-scr.infd.edu.ar\/sitio\/wp-content\/uploads\/2023\/08\/pngegg-768x543.png 768w\" sizes=\"(max-width: 138px) 100vw, 138px\" \/><\/a><\/figure><\/div>\n\n\n<p class=\"has-text-align-center\"><strong><mark style=\"background-color:var(--accent)\" class=\"has-inline-color has-base-2-color\">1ero. y 2do. a\u00f1o 295\/19<\/mark><\/strong><mark style=\"background-color:var(--accent)\" class=\"has-inline-color has-base-3-color\">(<strong>Ambas Orientaciones<\/strong>) &#8211; COMISION \u00abB\u00bb<\/mark><\/p>\n\n\n<div class=\"wp-block-image\">\n<figure class=\"aligncenter is-resized\"><a href=\"https:\/\/forms.gle\/BpempZKoQErigzWr8\" target=\"_blank\" rel=\"noreferrer noopener\"><img decoding=\"async\" loading=\"lazy\" src=\"https:\/\/ipesrg-scr.infd.edu.ar\/sitio\/wp-content\/uploads\/2023\/08\/pngegg.png\" alt=\"\" class=\"wp-image-2460\" width=\"138\" height=\"98\" srcset=\"https:\/\/ipesrg-scr.infd.edu.ar\/sitio\/wp-content\/uploads\/2023\/08\/pngegg.png 842w, https:\/\/ipesrg-scr.infd.edu.ar\/sitio\/wp-content\/uploads\/2023\/08\/pngegg-768x543.png 768w\" sizes=\"(max-width: 138px) 100vw, 138px\" \/><\/a><\/figure><\/div>\n\n\n<hr class=\"wp-block-separator has-alpha-channel-opacity\"\/>\n\n\n\n<p class=\"has-text-align-center\"><strong><mark style=\"background-color:var(--accent)\" class=\"has-inline-color has-base-2-color\">3ero. a 4to. a\u00f1o 295\/19 Orientaci\u00f3n Intelectual<\/mark><\/strong><\/p>\n\n\n<div class=\"wp-block-image\">\n<figure class=\"aligncenter is-resized\"><a href=\"https:\/\/forms.gle\/EBSroB9YfzNxpN279\" target=\"_blank\" rel=\"noreferrer noopener\"><img decoding=\"async\" loading=\"lazy\" src=\"https:\/\/ipesrg-scr.infd.edu.ar\/sitio\/wp-content\/uploads\/2023\/08\/pngegg.png\" alt=\"\" class=\"wp-image-2460\" width=\"138\" height=\"98\" srcset=\"https:\/\/ipesrg-scr.infd.edu.ar\/sitio\/wp-content\/uploads\/2023\/08\/pngegg.png 842w, https:\/\/ipesrg-scr.infd.edu.ar\/sitio\/wp-content\/uploads\/2023\/08\/pngegg-768x543.png 768w\" sizes=\"(max-width: 138px) 100vw, 138px\" \/><\/a><\/figure><\/div>\n\n\n<p class=\"has-text-align-center\"><strong><mark style=\"background-color:var(--accent)\" class=\"has-inline-color has-base-2-color\">3ero. a 4to. a\u00f1o 295\/19 Orientaci\u00f3n Sordos e Hipoac\u00fasicos<\/mark><\/strong><\/p>\n\n\n<div class=\"wp-block-image\">\n<figure class=\"aligncenter is-resized\"><a href=\"https:\/\/forms.gle\/BRU5PY4BM9XLD6gA7\"><img decoding=\"async\" loading=\"lazy\" src=\"https:\/\/ipesrg-scr.infd.edu.ar\/sitio\/wp-content\/uploads\/2023\/08\/pngegg.png\" alt=\"\" class=\"wp-image-2460\" width=\"133\" height=\"94\" srcset=\"https:\/\/ipesrg-scr.infd.edu.ar\/sitio\/wp-content\/uploads\/2023\/08\/pngegg.png 842w, https:\/\/ipesrg-scr.infd.edu.ar\/sitio\/wp-content\/uploads\/2023\/08\/pngegg-768x543.png 768w\" sizes=\"(max-width: 133px) 100vw, 133px\" \/><\/a><\/figure><\/div>\n\n\n<hr class=\"wp-block-separator has-alpha-channel-opacity\"\/>\n\n\n\n<p class=\"has-text-align-center\"><strong><mark style=\"background-color:var(--accent)\" class=\"has-inline-color has-base-2-color\">EDIS<\/mark><\/strong><\/p>\n\n\n\n<p class=\"has-text-align-center\"><strong><mark style=\"background-color:var(--accent)\" class=\"has-inline-color has-base-2-color\">Orientaci\u00f3n intelectual<\/mark><\/strong><\/p>\n\n\n<div class=\"wp-block-image\">\n<figure class=\"aligncenter is-resized\"><a href=\"https:\/\/forms.gle\/g5RSLY48YZZk7PfL9\" target=\"_blank\" rel=\"noreferrer noopener\"><img decoding=\"async\" loading=\"lazy\" src=\"https:\/\/ipesrg-scr.infd.edu.ar\/sitio\/wp-content\/uploads\/2023\/08\/pngegg-edi.png\" alt=\"\" class=\"wp-image-2466\" width=\"96\" height=\"95\"\/><\/a><\/figure><\/div>\n\n\n<p class=\"has-text-align-center\"><strong><mark style=\"background-color:var(--accent)\" class=\"has-inline-color has-base-2-color\">Orientaci\u00f3n Sordos e Hipoac\u00fasicos<\/mark><\/strong><\/p>\n\n\n<div class=\"wp-block-image\">\n<figure class=\"aligncenter is-resized\"><a href=\"https:\/\/forms.gle\/fKWsSdj3iu97VZTKA\" target=\"_blank\" rel=\"noreferrer noopener\"><img decoding=\"async\" loading=\"lazy\" src=\"https:\/\/ipesrg-scr.infd.edu.ar\/sitio\/wp-content\/uploads\/2023\/08\/pngegg-edi.png\" alt=\"\" class=\"wp-image-2466\" width=\"91\" height=\"90\"\/><\/a><\/figure><\/div>\n\n\n<p class=\"has-text-align-center\"><\/p>\n\n\n\n<p><strong>ATENCI\u00d3N<\/strong>: Una vez recibido el formulario en su casilla de correo deben imprimirlo y entregarlo en bedel\u00eda<\/p>\n","protected":false},"excerpt":{"rendered":"<p>Estimados alumnos: se informa que se encuentran abiertas las inscripciones a las unidades curriculares del 1er. cuatrimestre y Anuales Las mismas se realizaran el d\u00eda 07\/03\/26 a partir&nbsp;de las 0:00 hs. hasta el 11\/03\/26 a las 19:00 hs. (Sin Excepci\u00f3n) Se solicita que antes de inscribirse revisen los HORARIOS de las Unidades Curriculares , dado &#8230; <a title=\"Inscripci\u00f3n Materias 1er. Cuatrimestre y Anuales\" class=\"read-more\" href=\"https:\/\/ipesrg-scr.infd.edu.ar\/sitio\/inscripcion-materias-1er-cuatrimestre-y-anuales\/\" aria-label=\"More on Inscripci\u00f3n Materias 1er. Cuatrimestre y Anuales\">[+]<\/a><\/p>\n","protected":false},"author":3010,"featured_media":0,"parent":0,"menu_order":0,"comment_status":"closed","ping_status":"closed","template":"","meta":[],"acf":[],"_links":{"self":[{"href":"https:\/\/ipesrg-scr.infd.edu.ar\/sitio\/wp-json\/wp\/v2\/pages\/3482"}],"collection":[{"href":"https:\/\/ipesrg-scr.infd.edu.ar\/sitio\/wp-json\/wp\/v2\/pages"}],"about":[{"href":"https:\/\/ipesrg-scr.infd.edu.ar\/sitio\/wp-json\/wp\/v2\/types\/page"}],"author":[{"embeddable":true,"href":"https:\/\/ipesrg-scr.infd.edu.ar\/sitio\/wp-json\/wp\/v2\/users\/3010"}],"replies":[{"embeddable":true,"href":"https:\/\/ipesrg-scr.infd.edu.ar\/sitio\/wp-json\/wp\/v2\/comments?post=3482"}],"version-history":[{"count":14,"href":"https:\/\/ipesrg-scr.infd.edu.ar\/sitio\/wp-json\/wp\/v2\/pages\/3482\/revisions"}],"predecessor-version":[{"id":3510,"href":"https:\/\/ipesrg-scr.infd.edu.ar\/sitio\/wp-json\/wp\/v2\/pages\/3482\/revisions\/3510"}],"wp:attachment":[{"href":"https:\/\/ipesrg-scr.infd.edu.ar\/sitio\/wp-json\/wp\/v2\/media?parent=3482"}],"curies":[{"name":"wp","href":"https:\/\/api.w.org\/{rel}","templated":true}]}}