{"id":3043,"date":"2025-02-21T20:46:31","date_gmt":"2025-02-21T23:46:31","guid":{"rendered":"https:\/\/ipesrg-scr.infd.edu.ar\/sitio\/?page_id=3043"},"modified":"2025-11-05T18:45:30","modified_gmt":"2025-11-05T21:45:30","slug":"perfiles-profesionales-requeridos-para-profesorados","status":"publish","type":"page","link":"https:\/\/ipesrg-scr.infd.edu.ar\/sitio\/perfiles-profesionales-requeridos-para-profesorados\/","title":{"rendered":"Perfiles Profesionales Requeridos para Profesorados"},"content":{"rendered":"\n<p><strong><mark style=\"background-color:var(--base-2)\" class=\"has-inline-color has-contrast-color\">PROFESORADO EN EDUCACI\u00d3N PRIMARIA<\/mark><\/strong><\/p>\n\n\n\n<p class=\"has-text-align-left\"><a rel=\"noreferrer noopener\" href=\"https:\/\/drive.google.com\/file\/d\/14zm777PD_ZlOVGhWwHMxjnR8WoyqEf1c\/view?usp=drive_link\" data-type=\"URL\" data-id=\"https:\/\/drive.google.com\/file\/d\/14zm777PD_ZlOVGhWwHMxjnR8WoyqEf1c\/view?usp=drive_link\" target=\"_blank\">Perfiles Profesionales Primaria  (Plan 631\/21)<\/a><\/p>\n\n\n\n<p><mark style=\"background-color:var(--base-2)\" class=\"has-inline-color has-contrast-color\"><strong>PROFESORADO EN EDUCACI\u00d3N<\/strong> <strong>ESPECIAL<\/strong><\/mark><\/p>\n\n\n\n<p><a href=\"https:\/\/drive.google.com\/file\/d\/1qfR1p2Pc4rgIoH43i59iCBRSOFttmZdS\/view?usp=drive_link\">Perfiles Profesionales  Especial (Orientaci\u00f3n  Sordos e Hipoac\u00fasicos)<\/a><\/p>\n\n\n\n<p><a href=\"https:\/\/drive.google.com\/file\/d\/1JAET7cPDWTiEgimhJb9epwxKtY69kVTS\/view?usp=sharing\" target=\"_blank\" rel=\"noreferrer noopener\">Perfiles Profesionales Especial (Orientaci\u00f3n Intelectual)<\/a><\/p>\n\n\n\n<p><\/p>\n","protected":false},"excerpt":{"rendered":"<p>PROFESORADO EN EDUCACI\u00d3N PRIMARIA Perfiles Profesionales Primaria (Plan 631\/21) PROFESORADO EN EDUCACI\u00d3N ESPECIAL Perfiles Profesionales Especial (Orientaci\u00f3n Sordos e Hipoac\u00fasicos) Perfiles Profesionales Especial (Orientaci\u00f3n Intelectual)<\/p>\n","protected":false},"author":3010,"featured_media":0,"parent":0,"menu_order":0,"comment_status":"closed","ping_status":"closed","template":"","meta":[],"acf":[],"_links":{"self":[{"href":"https:\/\/ipesrg-scr.infd.edu.ar\/sitio\/wp-json\/wp\/v2\/pages\/3043"}],"collection":[{"href":"https:\/\/ipesrg-scr.infd.edu.ar\/sitio\/wp-json\/wp\/v2\/pages"}],"about":[{"href":"https:\/\/ipesrg-scr.infd.edu.ar\/sitio\/wp-json\/wp\/v2\/types\/page"}],"author":[{"embeddable":true,"href":"https:\/\/ipesrg-scr.infd.edu.ar\/sitio\/wp-json\/wp\/v2\/users\/3010"}],"replies":[{"embeddable":true,"href":"https:\/\/ipesrg-scr.infd.edu.ar\/sitio\/wp-json\/wp\/v2\/comments?post=3043"}],"version-history":[{"count":18,"href":"https:\/\/ipesrg-scr.infd.edu.ar\/sitio\/wp-json\/wp\/v2\/pages\/3043\/revisions"}],"predecessor-version":[{"id":3364,"href":"https:\/\/ipesrg-scr.infd.edu.ar\/sitio\/wp-json\/wp\/v2\/pages\/3043\/revisions\/3364"}],"wp:attachment":[{"href":"https:\/\/ipesrg-scr.infd.edu.ar\/sitio\/wp-json\/wp\/v2\/media?parent=3043"}],"curies":[{"name":"wp","href":"https:\/\/api.w.org\/{rel}","templated":true}]}}