{"id":3013,"date":"2025-02-18T14:29:33","date_gmt":"2025-02-18T17:29:33","guid":{"rendered":"https:\/\/ipesrg-scr.infd.edu.ar\/sitio\/?page_id=3013"},"modified":"2025-12-18T19:56:44","modified_gmt":"2025-12-18T22:56:44","slug":"pre-inscripcion-2025","status":"publish","type":"page","link":"https:\/\/ipesrg-scr.infd.edu.ar\/sitio\/pre-inscripcion-2025\/","title":{"rendered":"Pre-Inscripci\u00f3n 2026"},"content":{"rendered":"\n<h1 class=\"wp-block-heading\"><mark style=\"background-color:var(--accent)\" class=\"has-inline-color has-base-2-color\">Alumnos Ingresantes 2026 \u2013 Pre-Inscripci\u00f3n \u2013<\/mark><\/h1>\n\n\n\n<p>Destinado a todos\/as los\/as aspirantes que desean ingresar por primera vez a sus estudios superiores en el <strong>Instituto Provincial de Educaci\u00f3n Superior IPES-RG<\/strong>.<\/p>\n\n\n\n<p>Para acceder al formulario de pre-inscripci\u00f3n deben ingresar al siguiente Link<\/p>\n\n\n\n<figure class=\"wp-block-image size-full is-resized\"><a href=\"https:\/\/docs.google.com\/forms\/d\/e\/1FAIpQLSfcwvbTGQuMdJfSivDG5JLcRQ2zlsuWYGGWVMvnoWFVARVUtQ\/viewform?usp=sharing\" target=\"_blank\" rel=\"noreferrer noopener\"><img decoding=\"async\" loading=\"lazy\" src=\"https:\/\/ipesrg-scr.infd.edu.ar\/sitio\/wp-content\/uploads\/2025\/02\/th.jpg\" alt=\"\" class=\"wp-image-3019\" width=\"185\" height=\"55\"\/><\/a><\/figure>\n\n\n\n<p>Les informamos que la pre-inscripci\u00f3n <strong>On-Line<\/strong> no garantiza la vacante hasta tanto se presente la documentaci\u00f3n desde el\u00a0<strong>18 de Febrero 2026<\/strong>\u00a0hasta el\u00a0<strong>10 de Marzo 2026<\/strong>.  (Ver Documentaci\u00f3<mark style=\"background-color:var(--base-3)\" class=\"has-inline-color has-contrast-color\">n<\/mark> dentro del Men\u00fa INGRESANTES 2026)<\/p>\n","protected":false},"excerpt":{"rendered":"<p>Alumnos Ingresantes 2026 \u2013 Pre-Inscripci\u00f3n \u2013 Destinado a todos\/as los\/as aspirantes que desean ingresar por primera vez a sus estudios superiores en el Instituto Provincial de Educaci\u00f3n Superior IPES-RG. Para acceder al formulario de pre-inscripci\u00f3n deben ingresar al siguiente Link Les informamos que la pre-inscripci\u00f3n On-Line no garantiza la vacante hasta tanto se presente la &#8230; <a title=\"Pre-Inscripci\u00f3n 2026\" class=\"read-more\" href=\"https:\/\/ipesrg-scr.infd.edu.ar\/sitio\/pre-inscripcion-2025\/\" aria-label=\"More on Pre-Inscripci\u00f3n 2026\">[+]<\/a><\/p>\n","protected":false},"author":3010,"featured_media":0,"parent":0,"menu_order":0,"comment_status":"closed","ping_status":"closed","template":"","meta":[],"acf":[],"_links":{"self":[{"href":"https:\/\/ipesrg-scr.infd.edu.ar\/sitio\/wp-json\/wp\/v2\/pages\/3013"}],"collection":[{"href":"https:\/\/ipesrg-scr.infd.edu.ar\/sitio\/wp-json\/wp\/v2\/pages"}],"about":[{"href":"https:\/\/ipesrg-scr.infd.edu.ar\/sitio\/wp-json\/wp\/v2\/types\/page"}],"author":[{"embeddable":true,"href":"https:\/\/ipesrg-scr.infd.edu.ar\/sitio\/wp-json\/wp\/v2\/users\/3010"}],"replies":[{"embeddable":true,"href":"https:\/\/ipesrg-scr.infd.edu.ar\/sitio\/wp-json\/wp\/v2\/comments?post=3013"}],"version-history":[{"count":14,"href":"https:\/\/ipesrg-scr.infd.edu.ar\/sitio\/wp-json\/wp\/v2\/pages\/3013\/revisions"}],"predecessor-version":[{"id":3439,"href":"https:\/\/ipesrg-scr.infd.edu.ar\/sitio\/wp-json\/wp\/v2\/pages\/3013\/revisions\/3439"}],"wp:attachment":[{"href":"https:\/\/ipesrg-scr.infd.edu.ar\/sitio\/wp-json\/wp\/v2\/media?parent=3013"}],"curies":[{"name":"wp","href":"https:\/\/api.w.org\/{rel}","templated":true}]}}