{"id":286,"date":"2016-10-31T13:17:59","date_gmt":"2016-10-31T16:17:59","guid":{"rendered":"https:\/\/ipesrg-scr.infd.edu.ar\/sitio\/?page_id=286"},"modified":"2026-04-11T15:23:23","modified_gmt":"2026-04-11T18:23:23","slug":"inicio","status":"publish","type":"page","link":"https:\/\/ipesrg-scr.infd.edu.ar\/sitio\/","title":{"rendered":"Inicio"},"content":{"rendered":"\n<h2 class=\"wp-block-heading has-text-align-center\"><mark style=\"background-color:var(--base-2)\" class=\"has-inline-color has-accent-color\">Instituto Provincial de Educaci\u00f3n Superior<\/mark><\/h2>\n\n\n\n<pre class=\"wp-block-preformatted\">La Educaci\u00f3n Superior tiene por finalidad proporcionar formaci\u00f3n cient\u00edfica, profesional, human\u00edstica y t\u00e9cnica en el mas alto nivel, contribuir a la preservaci\u00f3n de la cultura nacional, promover la generaci\u00f3n y desarrollo del conocimiento en todas sus formas, y desarrollar las actitudes y valores que requiere la formaci\u00f3n de personas responsables con conciencia \u00e9tica y solidaria, reflexivas, cr\u00edticas, capaces de mejorar la calidad de vida, consolidar el respeto al medio ambiente, a las instituciones de la Rep\u00fablica y  a la vigencia del orden democr\u00e1tico (Art.3\u00ba de la Ley de Educaci\u00f3n Superior 24.521).-<\/pre>\n\n\n\n<h2 class=\"wp-block-heading has-text-align-center\"><mark style=\"background-color:rgba(0, 0, 0, 0)\" class=\"has-inline-color has-accent-color\"><strong><strong>MESAS DE EX\u00c1MENES FINALES EXTRAORDINARIOS TURNO\u00a0<\/strong>ABRIL\u00a0 2026<strong>\u00a0(TODAS LAS CARRERAS<\/strong>)<\/strong><\/mark><\/h2>\n\n\n\n<p>&nbsp;Se informa a la comunidad estudiantil que se encontrar\u00e1n abiertas las&nbsp;<strong>inscripciones&nbsp;<\/strong>a las<strong>&nbsp;mesas de ex\u00e1menes finales extraordinarios.<\/strong><\/p>\n\n\n\n<p><strong>&nbsp;&nbsp;&nbsp;&nbsp;&nbsp;&nbsp;&nbsp;&nbsp;&nbsp;&nbsp;&nbsp;&nbsp;&nbsp;&nbsp;&nbsp;&nbsp;&nbsp;&nbsp;&nbsp;&nbsp;&nbsp;&nbsp;&nbsp;&nbsp;&nbsp;&nbsp;&nbsp;&nbsp;&nbsp;&nbsp;&nbsp;&nbsp;&nbsp;&nbsp;&nbsp;&nbsp;&nbsp;<\/strong>Dichas inscripciones, se desarrollar\u00e1n el d\u00eda&nbsp;<strong>13\/04\/26<\/strong>&nbsp;a partir&nbsp;de las&nbsp;<strong>0:00 hs.<\/strong>&nbsp;hasta el&nbsp;<strong>14\/04\/26<\/strong>&nbsp;a las&nbsp;<strong>22:00 hs<\/strong>. (<strong>Sin Excepci\u00f3n)<\/strong>, de forma&nbsp;<strong>ON-LINE<\/strong>&nbsp;a trav\u00e9s nuestra Pagina Oficial.<\/p>\n\n\n\n<p>&nbsp;&nbsp;&nbsp;&nbsp;&nbsp;&nbsp;&nbsp;&nbsp;&nbsp;&nbsp;&nbsp;&nbsp;&nbsp;&nbsp;&nbsp;&nbsp;&nbsp;&nbsp;&nbsp;&nbsp;&nbsp;&nbsp;&nbsp;&nbsp;&nbsp;&nbsp;&nbsp;&nbsp;&nbsp;&nbsp;&nbsp;&nbsp;&nbsp;&nbsp;&nbsp;&nbsp; Los formularios de inscripci\u00f3n se encontrar\u00e1n en la p\u00e1gina oficial del Instituto dentro del&nbsp;<strong>Men\u00fa ALUMNOS<\/strong>&nbsp;en la fecha indicada y se les recuerda leer atentamente las indicaciones y requisitos para la inscripci\u00f3n a cada&nbsp;<strong>Unidad Curricular<\/strong>.<\/p>\n\n\n\n<p>                                     Las mesas comienzan a las 18:30 hs.<\/p>\n\n\n\n<figure class=\"wp-block-embed is-type-wp-embed is-provider-i-p-e-s-rio-gallegos wp-block-embed-i-p-e-s-rio-gallegos\"><div class=\"wp-block-embed__wrapper\">\n<blockquote class=\"wp-embedded-content\" data-secret=\"CN4niYA5bv\"><a href=\"https:\/\/ipesrg-scr.infd.edu.ar\/sitio\/inscripcion-a-examenes-finales-extraordinarios-abril-2026\/\">Inscripci\u00f3n a Ex\u00e1menes Finales Extraordinarios -ABRIL 2026<\/a><\/blockquote><iframe class=\"wp-embedded-content\" sandbox=\"allow-scripts\" security=\"restricted\" style=\"position: absolute; clip: rect(1px, 1px, 1px, 1px);\" title=\"\u00abInscripci\u00f3n a Ex\u00e1menes Finales Extraordinarios -ABRIL 2026\u00bb \u2014 I. P. E. S. R\u00edo Gallegos\" src=\"https:\/\/ipesrg-scr.infd.edu.ar\/sitio\/inscripcion-a-examenes-finales-extraordinarios-abril-2026\/embed\/#?secret=ft1PSrShjE#?secret=CN4niYA5bv\" data-secret=\"CN4niYA5bv\" width=\"600\" height=\"338\" frameborder=\"0\" marginwidth=\"0\" marginheight=\"0\" scrolling=\"no\"><\/iframe>\n<\/div><\/figure>\n\n\n\n<h2 class=\"wp-block-heading has-text-align-center\"><mark style=\"background-color:var(--base-2)\" class=\"has-inline-color has-accent-color\">Certificado de Alumno Regular<\/mark><\/h2>\n\n\n<p><span style=\"text-decoration: underline;\"><span style=\"color: #0000ff;\"><strong>Estimados Alumnos<\/strong><\/span><\/span>:<\/p>\n<p>&nbsp; &nbsp; &nbsp; &nbsp; &nbsp; &nbsp; &nbsp; &nbsp; &nbsp; &nbsp; &nbsp; &nbsp; &nbsp; &nbsp; &nbsp; &nbsp; &nbsp; &nbsp; &nbsp; &nbsp;Ponemos a su disposici\u00f3n un Formulario de Google para que puedan <span style=\"color: #0000ff;\"><strong>Inscribirse<\/strong> <\/span>para la confecci\u00f3n de un Certificado de Alumno Regular. El cu\u00e1l debe solicitarse de<strong> <span style=\"color: #0000ff;\">Lunes<\/span><\/strong> a <strong><span style=\"color: #0000ff;\">Jueves<\/span> <\/strong>y se entregaran el <strong><span style=\"color: #0000ff;\">Viernes<\/span><\/strong> de cada semana en Bedelia.<\/p>\n<p>&nbsp; &nbsp; &nbsp; &nbsp; &nbsp; &nbsp; &nbsp; &nbsp; &nbsp; &nbsp; &nbsp; &nbsp; &nbsp; &nbsp; &nbsp; &nbsp; &nbsp; &nbsp; &nbsp; &nbsp; &nbsp;Para ello, deben completar el siguiente Formulario. <span style=\"color: #0000ff;\"><a style=\"color: #0000ff;\" href=\"https:\/\/docs.google.com\/forms\/d\/e\/1FAIpQLSelnwEVVGlbhU6bKn8EunzsJTzizjfJ9jYe0JcsCuMmpqXSGQ\/viewform?usp=sharing\">Descarga<\/a>&nbsp;<\/span><\/p>","protected":false},"excerpt":{"rendered":"<p>Instituto Provincial de Educaci\u00f3n Superior La Educaci\u00f3n Superior tiene por finalidad proporcionar formaci\u00f3n cient\u00edfica, profesional, human\u00edstica y t\u00e9cnica en el mas alto nivel, contribuir a la preservaci\u00f3n de la cultura nacional, promover la generaci\u00f3n y desarrollo del conocimiento en todas sus formas, y desarrollar las actitudes y valores que requiere la formaci\u00f3n de personas responsables &#8230; <a title=\"Inicio\" class=\"read-more\" href=\"https:\/\/ipesrg-scr.infd.edu.ar\/sitio\/\" aria-label=\"More on Inicio\">[+]<\/a><\/p>\n","protected":false},"author":1818,"featured_media":0,"parent":0,"menu_order":0,"comment_status":"closed","ping_status":"closed","template":"","meta":[],"acf":[],"_links":{"self":[{"href":"https:\/\/ipesrg-scr.infd.edu.ar\/sitio\/wp-json\/wp\/v2\/pages\/286"}],"collection":[{"href":"https:\/\/ipesrg-scr.infd.edu.ar\/sitio\/wp-json\/wp\/v2\/pages"}],"about":[{"href":"https:\/\/ipesrg-scr.infd.edu.ar\/sitio\/wp-json\/wp\/v2\/types\/page"}],"author":[{"embeddable":true,"href":"https:\/\/ipesrg-scr.infd.edu.ar\/sitio\/wp-json\/wp\/v2\/users\/1818"}],"replies":[{"embeddable":true,"href":"https:\/\/ipesrg-scr.infd.edu.ar\/sitio\/wp-json\/wp\/v2\/comments?post=286"}],"version-history":[{"count":236,"href":"https:\/\/ipesrg-scr.infd.edu.ar\/sitio\/wp-json\/wp\/v2\/pages\/286\/revisions"}],"predecessor-version":[{"id":3562,"href":"https:\/\/ipesrg-scr.infd.edu.ar\/sitio\/wp-json\/wp\/v2\/pages\/286\/revisions\/3562"}],"wp:attachment":[{"href":"https:\/\/ipesrg-scr.infd.edu.ar\/sitio\/wp-json\/wp\/v2\/media?parent=286"}],"curies":[{"name":"wp","href":"https:\/\/api.w.org\/{rel}","templated":true}]}}