{"id":2441,"date":"2023-08-22T20:27:57","date_gmt":"2023-08-22T23:27:57","guid":{"rendered":"https:\/\/ipesrg-scr.infd.edu.ar\/sitio\/?page_id=2441"},"modified":"2025-12-18T19:57:15","modified_gmt":"2025-12-18T22:57:15","slug":"formularios-para-la-inscripcion-2026","status":"publish","type":"page","link":"https:\/\/ipesrg-scr.infd.edu.ar\/sitio\/formularios-para-la-inscripcion-2026\/","title":{"rendered":"Inscripci\u00f3n Ciclo Lectivo"},"content":{"rendered":"\n<h2 class=\"wp-block-heading\"><mark style=\"background-color:var(--accent)\" class=\"has-inline-color has-base-2-color\">Formularios para Inscripci\u00f3n Ciclo Lectivo 2026<\/mark><\/h2>\n\n\n\n<p>Les informamos que la pre-inscripci\u00f3n\u00a0<strong>On-Line<\/strong>\u00a0no garantiza la vacante hasta tanto se presente la documentaci\u00f3n correspondiente desde el\u00a0<strong>18 de Febrero 2026<\/strong>\u00a0hasta el\u00a0<strong>10 de Marzo<\/strong>.<\/p>\n\n\n\n<p class=\"has-text-align-left\">1. ALUMNOS EN SITUACI\u00d3N <strong>REGULAR<\/strong> (SECUNDARIO COMPLETO) Y EN SITUACI\u00d3N <strong>CONDICIONAL<\/strong> (SECUNDARIO INCOMPLETO)<\/p>\n\n\n\n<div class=\"wp-block-file\"><object class=\"wp-block-file__embed\" data=\"https:\/\/ipesrg-scr.infd.edu.ar\/sitio\/wp-content\/uploads\/2025\/10\/Inscripcion-IPES-RG-2026.pdf\" type=\"application\/pdf\" style=\"width:100%;height:600px\" aria-label=\"Incrustado de Inscripcion-IPES-RG 2026.\"><\/object><a id=\"wp-block-file--media-96546d4a-4373-4e74-aef4-64c909c2cca2\" href=\"https:\/\/ipesrg-scr.infd.edu.ar\/sitio\/wp-content\/uploads\/2025\/10\/Inscripcion-IPES-RG-2026.pdf\">Inscripcion-IPES-RG 2026<\/a><a href=\"https:\/\/ipesrg-scr.infd.edu.ar\/sitio\/wp-content\/uploads\/2025\/10\/Inscripcion-IPES-RG-2026.pdf\" class=\"wp-block-file__button wp-element-button\" download aria-describedby=\"wp-block-file--media-96546d4a-4373-4e74-aef4-64c909c2cca2\">Descarga<\/a><\/div>\n\n\n\n<p>  2.  ALUMNOS <strong>SECUNDARIO INCOMPLETO<\/strong> COMPRENDIDOS EN EL <strong>ARTICULO 7<\/strong>\u00b0( Mayores a 25 a\u00f1os de edad y Primaria completa)<\/p>\n\n\n\n<p><em>***Podr\u00e1n ingresar al instituto los alumnos que demuestren, a trav\u00e9s de una<strong> evaluaci\u00f3n<\/strong> al efecto, que tienen la <strong>preparaci\u00f3n acad\u00e9mica<\/strong><\/em>***<\/p>\n\n\n\n<div class=\"wp-block-file\"><object class=\"wp-block-file__embed\" data=\"https:\/\/ipesrg-scr.infd.edu.ar\/sitio\/wp-content\/uploads\/2025\/12\/Inscripcion-IPES-RG-ARTICULO-7.pdf\" type=\"application\/pdf\" style=\"width:100%;height:600px\" aria-label=\"Incrustado de Inscripcion-IPES-RG ARTICULO 7.\"><\/object><a id=\"wp-block-file--media-bf5c9963-93c3-4283-a825-c20f951fb84e\" href=\"https:\/\/ipesrg-scr.infd.edu.ar\/sitio\/wp-content\/uploads\/2025\/12\/Inscripcion-IPES-RG-ARTICULO-7.pdf\">Inscripcion-IPES-RG ARTICULO 7<\/a><a href=\"https:\/\/ipesrg-scr.infd.edu.ar\/sitio\/wp-content\/uploads\/2025\/12\/Inscripcion-IPES-RG-ARTICULO-7.pdf\" class=\"wp-block-file__button wp-element-button\" download aria-describedby=\"wp-block-file--media-bf5c9963-93c3-4283-a825-c20f951fb84e\">Descarga<\/a><\/div>\n","protected":false},"excerpt":{"rendered":"<p>Formularios para Inscripci\u00f3n Ciclo Lectivo 2026 Les informamos que la pre-inscripci\u00f3n\u00a0On-Line\u00a0no garantiza la vacante hasta tanto se presente la documentaci\u00f3n correspondiente desde el\u00a018 de Febrero 2026\u00a0hasta el\u00a010 de Marzo. 1. ALUMNOS EN SITUACI\u00d3N REGULAR (SECUNDARIO COMPLETO) Y EN SITUACI\u00d3N CONDICIONAL (SECUNDARIO INCOMPLETO) 2. ALUMNOS SECUNDARIO INCOMPLETO COMPRENDIDOS EN EL ARTICULO 7\u00b0( Mayores a 25 a\u00f1os &#8230; <a title=\"Inscripci\u00f3n Ciclo Lectivo\" class=\"read-more\" href=\"https:\/\/ipesrg-scr.infd.edu.ar\/sitio\/formularios-para-la-inscripcion-2026\/\" aria-label=\"More on Inscripci\u00f3n Ciclo Lectivo\">[+]<\/a><\/p>\n","protected":false},"author":1818,"featured_media":0,"parent":0,"menu_order":0,"comment_status":"closed","ping_status":"closed","template":"","meta":[],"acf":[],"_links":{"self":[{"href":"https:\/\/ipesrg-scr.infd.edu.ar\/sitio\/wp-json\/wp\/v2\/pages\/2441"}],"collection":[{"href":"https:\/\/ipesrg-scr.infd.edu.ar\/sitio\/wp-json\/wp\/v2\/pages"}],"about":[{"href":"https:\/\/ipesrg-scr.infd.edu.ar\/sitio\/wp-json\/wp\/v2\/types\/page"}],"author":[{"embeddable":true,"href":"https:\/\/ipesrg-scr.infd.edu.ar\/sitio\/wp-json\/wp\/v2\/users\/1818"}],"replies":[{"embeddable":true,"href":"https:\/\/ipesrg-scr.infd.edu.ar\/sitio\/wp-json\/wp\/v2\/comments?post=2441"}],"version-history":[{"count":19,"href":"https:\/\/ipesrg-scr.infd.edu.ar\/sitio\/wp-json\/wp\/v2\/pages\/2441\/revisions"}],"predecessor-version":[{"id":3440,"href":"https:\/\/ipesrg-scr.infd.edu.ar\/sitio\/wp-json\/wp\/v2\/pages\/2441\/revisions\/3440"}],"wp:attachment":[{"href":"https:\/\/ipesrg-scr.infd.edu.ar\/sitio\/wp-json\/wp\/v2\/media?parent=2441"}],"curies":[{"name":"wp","href":"https:\/\/api.w.org\/{rel}","templated":true}]}}