{"id":2173,"date":"2022-02-12T17:16:43","date_gmt":"2022-02-12T20:16:43","guid":{"rendered":"https:\/\/ipesrg-scr.infd.edu.ar\/sitio\/?page_id=2173"},"modified":"2026-02-19T20:05:44","modified_gmt":"2026-02-19T23:05:44","slug":"inscripciones-a-finales-febrero-marzo-2026","status":"publish","type":"page","link":"https:\/\/ipesrg-scr.infd.edu.ar\/sitio\/inscripciones-a-finales-febrero-marzo-2026\/","title":{"rendered":"Inscripciones a Finales -FEBRERO-MARZO 2026-"},"content":{"rendered":"\n<p>Dichas inscripciones, se desarrollar\u00e1n el d\u00eda&nbsp;<strong>18\/02\/26<\/strong>&nbsp;a partir&nbsp;de las&nbsp;<strong>0:00 hs.<\/strong>&nbsp;hasta el&nbsp;<strong>20\/02\/26<\/strong>&nbsp;a las&nbsp;<strong>18:30 hs<\/strong>. (<strong>Sin Excepci\u00f3n)<\/strong><\/p>\n\n\n\n<p><\/p>\n\n\n\n<p><u><strong>FECHAS DE LAS MESAS<\/strong><\/u>: Por favor, hacer click en cada enlace del Profesorado para visualizar.<\/p>\n\n\n\n<p><strong><mark style=\"background-color:rgba(0, 0, 0, 0)\" class=\"has-inline-color has-accent-color\"><a href=\"https:\/\/ipesrg-scr.infd.edu.ar\/sitio\/wp-content\/uploads\/2026\/02\/MESAS_PROF.-ED.-INICIAL-FEB-MARZO_2026.pdf\" target=\"_blank\" rel=\"noreferrer noopener\">Prof. Educaci\u00f3n Inicial<\/a><\/mark> <\/strong><\/p>\n\n\n\n<p><strong><a href=\"https:\/\/ipesrg-scr.infd.edu.ar\/sitio\/wp-content\/uploads\/2026\/02\/MESAS_PROF.-PRIMARIA_FEB-MARZO_2026-1.pdf\" target=\"_blank\" rel=\"noreferrer noopener\">Prof. Educaci\u00f3n Primaria<\/a><\/strong><\/p>\n\n\n\n<p><strong><a href=\"https:\/\/ipesrg-scr.infd.edu.ar\/sitio\/wp-content\/uploads\/2026\/02\/MESAS_PROF.-ED-ESPECIAL_FEB-MAR_2026.pdf\" target=\"_blank\" rel=\"noreferrer noopener\">Prof. Educaci\u00f3n Especial (Ambas Orientaciones)<\/a><\/strong><\/p>\n\n\n\n<p><strong><u>Estimados alumnos<\/u><\/strong>: a partir de los siguientes enlaces podr\u00e1n realizar su inscripci\u00f3n para las mesas de examen correspondientes al turno <strong>-FEBRERO-MARZO 2026- <\/strong>en los<strong> 2 llamados<\/strong>&#8230;<\/p>\n\n\n\n<p>Recuerden revisar que todos los datos sean correctos antes de enviar el formulario. Al <strong>finalizar la inscripci\u00f3n<\/strong> deber\u00e1n recibir <strong>confirmaci\u00f3n en su casilla de mail<\/strong> de las materias en las que se Inscribi\u00f3 (spam, correos no deseados, promocionales, etc).<\/p>\n\n\n\n<p><strong><mark style=\"background-color:var(--contrast)\" class=\"has-inline-color has-base-2-color\">As\u00ed mismo,  hacemos hincapi\u00e9 en que verifiquen que les haya llegado el e-mail de confirmaci\u00f3n de inscripci\u00f3n de cada \u00bb unidad curricular\u00bb , porque les sirve de comprobante<\/mark><\/strong><mark style=\"background-color:var(--contrast)\" class=\"has-inline-color has-base-3-color\"><strong>.<\/strong><\/mark><\/p>\n\n\n\n<p><mark style=\"background-color:var(--contrast)\" class=\"has-inline-color has-base-3-color\"><strong> Adem\u00e1s, deben IMPRIMIRLO y acercarlo a  BEDELIA para confirmar la inscripci\u00f3n, de lo contrario no se garantiza  la Inscripci\u00f3n<\/strong>.<\/mark><\/p>\n\n\n\n<p>Tengan en cuenta que solo podr\u00e1n realizar reclamos si tienen el mail de confirmaci\u00f3n.<\/p>\n\n\n\n<p><strong><u>ACLARACI\u00d3N:<\/u><\/strong>&nbsp;<\/p>\n\n\n\n<ul>\n<li>Recuerden que se debe&nbsp;<strong>COMPLETAR<\/strong> un formulario ( de inicio a fin ) por cada&nbsp;<strong>Unidad Curricular<\/strong>&nbsp;a la que se inscriban para rendir <strong>EX\u00c1MEN FINAL<\/strong>.<\/li>\n\n\n\n<li>Cada&nbsp;<strong>Formulario<\/strong>&nbsp;contiene todas la materias del plan de estudios, es decir, materias de&nbsp;<strong>1ero a 4to&nbsp;<\/strong>a\u00f1o. Los<strong>&nbsp;EDIS<\/strong>&nbsp;se encuentran en un formulario creado espec\u00edficamente para ello.<\/li>\n\n\n\n<li><strong>No est\u00e1 permitido <\/strong>anotarse a la misma <strong>Unidad Curricular<\/strong> en los <strong>2 llamados<\/strong>.<\/li>\n<\/ul>\n\n\n\n<p>Ante cualquier consulta o duda dirigirse a Coordinaci\u00f3n de alumnos&nbsp; o a los Bedeles.<\/p>\n\n\n\n<p> <strong><u>ES MUY IMPORTANTE<\/strong> <strong>DESTACAR<\/u><\/strong>:<\/p>\n\n\n\n<ul>\n<li>QUE LOS ALUMNOS <strong>\u00abPROMOCIONADOS\u00bb<\/strong> NO DEBEN INSCRIBIRSE&#8230; SOLO INFORMAR  A LOS BEDELES Y DEBERAN ASISTIR, S\u00d3LO EN EL PRIMER LLAMADO (A TERMINO DE LA CURSADA), PARA LA FIRMA DE LIBRETAS DE CALIFICACI\u00d3N DE PROMOCIONES.<\/li>\n\n\n\n<li>QUE DEBEN VERIFICAR EN EL PLAN DE ESTUDIOS <strong>LAS CORRELATIVIDADES<\/strong> PARA VER SI SE PUEDEN INSCRIBIR O NO. <\/li>\n<\/ul>\n\n\n\n<p><strong><u>PLANES DE ESTUDIOS<\/u><\/strong><u> <strong>(CON CORRELATIVAS)<\/strong><\/u>:<\/p>\n\n\n\n<p><a href=\"https:\/\/ipesrg-scr.infd.edu.ar\/sitio\/wp-content\/uploads\/2022\/04\/Plan_del_Profesorado__Educ_INICIAL_2015.pdf\" target=\"_blank\" rel=\"noreferrer noopener\">INICIAL<\/a><\/p>\n\n\n\n<p><a href=\"https:\/\/ipesrg-scr.infd.edu.ar\/sitio\/wp-content\/uploads\/2025\/02\/Regimen-de-correlatividades-Profesorado-de-Educacion-Primaria-Aprobado-por-Res-1.pdf\" target=\"_blank\" rel=\"noreferrer noopener\">PRIMARIA<\/a><\/p>\n\n\n\n<p><a href=\"https:\/\/ipesrg-scr.infd.edu.ar\/sitio\/wp-content\/uploads\/2024\/02\/Sistema-Correlatividades-Prof.-Especial-Orientacion-Intelectual.pdf\" target=\"_blank\" rel=\"noreferrer noopener\">ESPECIAL (INTELECTUAL)<\/a><\/p>\n\n\n\n<p><a href=\"https:\/\/ipesrg-scr.infd.edu.ar\/sitio\/wp-content\/uploads\/2019\/03\/Sistema-Correlatividades-Prof.-Especial-Or.-Sordos-e-Hipoac%C3%BAsicos.pdf\" target=\"_blank\" rel=\"noreferrer noopener\">ESPECIAL (SORDOS E HIPOAC\u00daSICO)<\/a><\/p>\n\n\n\n<p><\/p>\n\n\n\n<p><\/p>\n\n\n\n<h2 class=\"wp-block-heading has-text-align-center\"><strong><mark style=\"background-color:var(--accent)\" class=\"has-inline-color has-base-2-color\">FORMULARIOS DE INSCRIPCI\u00d3N<\/mark><\/strong><\/h2>\n\n\n\n<h2 class=\"wp-block-heading has-text-align-center\"><strong><mark style=\"background-color:rgba(0, 0, 0, 0)\" class=\"has-inline-color has-accent-color\">Primaria<\/mark><\/strong><\/h2>\n\n\n\n<p class=\"has-text-align-center\"><strong><mark style=\"background-color:var(--accent)\" class=\"has-inline-color has-base-2-color\">1ero. a 4to. a\u00f1o PLAN NUEVO (631)<\/mark><\/strong><\/p>\n\n\n<div class=\"wp-block-image\">\n<figure class=\"aligncenter is-resized\"><a href=\"https:\/\/docs.google.com\/forms\/d\/e\/1FAIpQLSdTdT4nRjjyK81BR2G2e2Xn7yB4U7Wh8FjJPKnh-2mz4M9KUQ\/viewform?usp=sharing\" target=\"_blank\" rel=\"noreferrer noopener\"><img decoding=\"async\" loading=\"lazy\" src=\"https:\/\/ipesrg-scr.infd.edu.ar\/sitio\/wp-content\/uploads\/2023\/08\/pngegg.png\" alt=\"\" class=\"wp-image-2460\" width=\"139\" height=\"98\" srcset=\"https:\/\/ipesrg-scr.infd.edu.ar\/sitio\/wp-content\/uploads\/2023\/08\/pngegg.png 842w, https:\/\/ipesrg-scr.infd.edu.ar\/sitio\/wp-content\/uploads\/2023\/08\/pngegg-768x543.png 768w\" sizes=\"(max-width: 139px) 100vw, 139px\" \/><\/a><\/figure><\/div>\n\n\n<p class=\"has-text-align-center\"><strong><mark style=\"background-color:var(--accent)\" class=\"has-inline-color has-base-2-color\">EDIS<\/mark><\/strong><\/p>\n\n\n<div class=\"wp-block-image\">\n<figure class=\"aligncenter is-resized\"><a href=\"https:\/\/docs.google.com\/forms\/d\/e\/1FAIpQLSeICNDCR1JCP36LkPr32VrJKbwaf3skJWNFuBk7EdElxVW2iA\/viewform?usp=sharing\" target=\"_blank\" rel=\"noreferrer noopener\"><img decoding=\"async\" loading=\"lazy\" src=\"https:\/\/ipesrg-scr.infd.edu.ar\/sitio\/wp-content\/uploads\/2023\/08\/pngegg-edi.png\" alt=\"\" class=\"wp-image-2466\" width=\"86\" height=\"85\"\/><\/a><\/figure><\/div>\n\n\n<hr class=\"wp-block-separator has-alpha-channel-opacity\"\/>\n\n\n\n<h2 class=\"wp-block-heading has-text-align-center\"><strong><mark style=\"background-color:rgba(0, 0, 0, 0)\" class=\"has-inline-color has-accent-color\">Inicial<\/mark><\/strong><\/h2>\n\n\n\n<p class=\"has-text-align-center\"><strong><mark style=\"background-color:var(--accent)\" class=\"has-inline-color has-base-2-color\">3ro. y 4to. a\u00f1o 3077\/14<\/mark><\/strong><\/p>\n\n\n<div class=\"wp-block-image\">\n<figure class=\"aligncenter is-resized\"><a href=\"https:\/\/docs.google.com\/forms\/d\/e\/1FAIpQLSeUgfyTjxpvp-NPshFAH4nYCWfSDx_96I-TO9uJUJGZmh7wyw\/viewform?usp=sharing\" target=\"_blank\" rel=\"noreferrer noopener\"><img decoding=\"async\" loading=\"lazy\" src=\"https:\/\/ipesrg-scr.infd.edu.ar\/sitio\/wp-content\/uploads\/2023\/08\/pngegg.png\" alt=\"\" class=\"wp-image-2460\" width=\"139\" height=\"99\" srcset=\"https:\/\/ipesrg-scr.infd.edu.ar\/sitio\/wp-content\/uploads\/2023\/08\/pngegg.png 842w, https:\/\/ipesrg-scr.infd.edu.ar\/sitio\/wp-content\/uploads\/2023\/08\/pngegg-768x543.png 768w\" sizes=\"(max-width: 139px) 100vw, 139px\" \/><\/a><\/figure><\/div>\n\n\n<p class=\"has-text-align-center\"><strong><mark style=\"background-color:var(--accent)\" class=\"has-inline-color has-base-2-color\">EDIS<\/mark><\/strong><\/p>\n\n\n<div class=\"wp-block-image\">\n<figure class=\"aligncenter is-resized\"><a href=\"https:\/\/docs.google.com\/forms\/d\/e\/1FAIpQLSfxJFok80HUE2en4hrk7JLhXIuHrPRjqC43tx_xX-NFoufkqw\/viewform?usp=sharing\" target=\"_blank\" rel=\"noreferrer noopener\"><img decoding=\"async\" loading=\"lazy\" src=\"https:\/\/ipesrg-scr.infd.edu.ar\/sitio\/wp-content\/uploads\/2023\/08\/pngegg-edi.png\" alt=\"\" class=\"wp-image-2466\" width=\"88\" height=\"87\"\/><\/a><\/figure><\/div>\n\n\n<hr class=\"wp-block-separator has-alpha-channel-opacity\"\/>\n\n\n\n<h2 class=\"wp-block-heading has-text-align-center\"><strong><mark style=\"background-color:rgba(0, 0, 0, 0)\" class=\"has-inline-color has-accent-color\">Especial<\/mark><\/strong><\/h2>\n\n\n\n<p><\/p>\n\n\n\n<p class=\"has-text-align-center\"><strong><mark style=\"background-color:var(--accent)\" class=\"has-inline-color has-base-2-color\">1ero. y 2do. a\u00f1o 295\/19<\/mark><\/strong><mark style=\"background-color:var(--accent)\" class=\"has-inline-color has-base-3-color\">(<strong>Ambas Orientaciones<\/strong>)<\/mark><\/p>\n\n\n<div class=\"wp-block-image\">\n<figure class=\"aligncenter is-resized\"><a href=\"https:\/\/forms.gle\/5rVhheh1dCmYSKu3A\" target=\"_blank\" rel=\"noreferrer noopener\"><img decoding=\"async\" loading=\"lazy\" src=\"https:\/\/ipesrg-scr.infd.edu.ar\/sitio\/wp-content\/uploads\/2023\/08\/pngegg.png\" alt=\"\" class=\"wp-image-2460\" width=\"138\" height=\"98\" srcset=\"https:\/\/ipesrg-scr.infd.edu.ar\/sitio\/wp-content\/uploads\/2023\/08\/pngegg.png 842w, https:\/\/ipesrg-scr.infd.edu.ar\/sitio\/wp-content\/uploads\/2023\/08\/pngegg-768x543.png 768w\" sizes=\"(max-width: 138px) 100vw, 138px\" \/><\/a><\/figure><\/div>\n\n\n<p class=\"has-text-align-center\"><strong><mark style=\"background-color:var(--accent)\" class=\"has-inline-color has-base-2-color\">3ero. a 4to. a\u00f1o 295\/19 Orientaci\u00f3n Intelectual<\/mark><\/strong><\/p>\n\n\n<div class=\"wp-block-image\">\n<figure class=\"aligncenter is-resized\"><a href=\"https:\/\/docs.google.com\/forms\/d\/e\/1FAIpQLSePIge0bxcN8Yhr0oBHNo6raIRj1diLxC5WKXi4kI7Wgw6Xuw\/viewform?usp=sharing\" target=\"_blank\" rel=\"noreferrer noopener\"><img decoding=\"async\" loading=\"lazy\" src=\"https:\/\/ipesrg-scr.infd.edu.ar\/sitio\/wp-content\/uploads\/2023\/08\/pngegg.png\" alt=\"\" class=\"wp-image-2460\" width=\"138\" height=\"98\" srcset=\"https:\/\/ipesrg-scr.infd.edu.ar\/sitio\/wp-content\/uploads\/2023\/08\/pngegg.png 842w, https:\/\/ipesrg-scr.infd.edu.ar\/sitio\/wp-content\/uploads\/2023\/08\/pngegg-768x543.png 768w\" sizes=\"(max-width: 138px) 100vw, 138px\" \/><\/a><\/figure><\/div>\n\n\n<p class=\"has-text-align-center\"><strong><mark style=\"background-color:var(--accent)\" class=\"has-inline-color has-base-2-color\">3ero. a 4to. a\u00f1o 295\/19 Orientaci\u00f3n Sordos e Hipoac\u00fasicos<\/mark><\/strong><\/p>\n\n\n<div class=\"wp-block-image\">\n<figure class=\"aligncenter is-resized\"><a href=\"https:\/\/docs.google.com\/forms\/d\/e\/1FAIpQLSef1dTDNHEaTNpPU7nbJV2qmMTcIQ4JbPX0d37ZLunf6XOQBA\/viewform?usp=sharing\" target=\"_blank\" rel=\"noreferrer noopener\"><img decoding=\"async\" loading=\"lazy\" src=\"https:\/\/ipesrg-scr.infd.edu.ar\/sitio\/wp-content\/uploads\/2023\/08\/pngegg.png\" alt=\"\" class=\"wp-image-2460\" width=\"133\" height=\"94\" srcset=\"https:\/\/ipesrg-scr.infd.edu.ar\/sitio\/wp-content\/uploads\/2023\/08\/pngegg.png 842w, https:\/\/ipesrg-scr.infd.edu.ar\/sitio\/wp-content\/uploads\/2023\/08\/pngegg-768x543.png 768w\" sizes=\"(max-width: 133px) 100vw, 133px\" \/><\/a><\/figure><\/div>\n\n\n<p class=\"has-text-align-center\"><strong><mark style=\"background-color:var(--accent)\" class=\"has-inline-color has-base-2-color\">EDIS<\/mark><\/strong><\/p>\n\n\n\n<p class=\"has-text-align-center\"><strong><mark style=\"background-color:var(--accent)\" class=\"has-inline-color has-base-2-color\">Orientaci\u00f3n intelectual<\/mark><\/strong><\/p>\n\n\n<div class=\"wp-block-image\">\n<figure class=\"aligncenter is-resized\"><a href=\"https:\/\/docs.google.com\/forms\/d\/e\/1FAIpQLSef8f-bi0mF46w2oFFHYkigJLPq1kaHSiZdXd0j5b6aNGpJhQ\/viewform?usp=sharing\" target=\"_blank\" rel=\"noreferrer noopener\"><img decoding=\"async\" loading=\"lazy\" src=\"https:\/\/ipesrg-scr.infd.edu.ar\/sitio\/wp-content\/uploads\/2023\/08\/pngegg-edi.png\" alt=\"\" class=\"wp-image-2466\" width=\"96\" height=\"95\"\/><\/a><\/figure><\/div>\n\n\n<p class=\"has-text-align-center\"><strong><mark style=\"background-color:var(--accent)\" class=\"has-inline-color has-base-2-color\">Orientaci\u00f3n Sordos e Hipoac\u00fasicos<\/mark><\/strong><\/p>\n\n\n<div class=\"wp-block-image\">\n<figure class=\"aligncenter is-resized\"><a href=\"https:\/\/docs.google.com\/forms\/d\/e\/1FAIpQLScdQ6UStLARhoytDlyfNRPg_9wLN5HpYzmX5xes8dlRjXenXQ\/viewform?usp=sharing\" target=\"_blank\" rel=\"noreferrer noopener\"><img decoding=\"async\" loading=\"lazy\" src=\"https:\/\/ipesrg-scr.infd.edu.ar\/sitio\/wp-content\/uploads\/2023\/08\/pngegg-edi.png\" alt=\"\" class=\"wp-image-2466\" width=\"91\" height=\"90\"\/><\/a><\/figure><\/div>","protected":false},"excerpt":{"rendered":"<p>Dichas inscripciones, se desarrollar\u00e1n el d\u00eda&nbsp;18\/02\/26&nbsp;a partir&nbsp;de las&nbsp;0:00 hs.&nbsp;hasta el&nbsp;20\/02\/26&nbsp;a las&nbsp;18:30 hs. (Sin Excepci\u00f3n) FECHAS DE LAS MESAS: Por favor, hacer click en cada enlace del Profesorado para visualizar. Prof. Educaci\u00f3n Inicial Prof. Educaci\u00f3n Primaria Prof. Educaci\u00f3n Especial (Ambas Orientaciones) Estimados alumnos: a partir de los siguientes enlaces podr\u00e1n realizar su inscripci\u00f3n para las mesas &#8230; <a title=\"Inscripciones a Finales -FEBRERO-MARZO 2026-\" class=\"read-more\" href=\"https:\/\/ipesrg-scr.infd.edu.ar\/sitio\/inscripciones-a-finales-febrero-marzo-2026\/\" aria-label=\"More on Inscripciones a Finales -FEBRERO-MARZO 2026-\">[+]<\/a><\/p>\n","protected":false},"author":3010,"featured_media":0,"parent":0,"menu_order":0,"comment_status":"closed","ping_status":"closed","template":"","meta":[],"acf":[],"_links":{"self":[{"href":"https:\/\/ipesrg-scr.infd.edu.ar\/sitio\/wp-json\/wp\/v2\/pages\/2173"}],"collection":[{"href":"https:\/\/ipesrg-scr.infd.edu.ar\/sitio\/wp-json\/wp\/v2\/pages"}],"about":[{"href":"https:\/\/ipesrg-scr.infd.edu.ar\/sitio\/wp-json\/wp\/v2\/types\/page"}],"author":[{"embeddable":true,"href":"https:\/\/ipesrg-scr.infd.edu.ar\/sitio\/wp-json\/wp\/v2\/users\/3010"}],"replies":[{"embeddable":true,"href":"https:\/\/ipesrg-scr.infd.edu.ar\/sitio\/wp-json\/wp\/v2\/comments?post=2173"}],"version-history":[{"count":97,"href":"https:\/\/ipesrg-scr.infd.edu.ar\/sitio\/wp-json\/wp\/v2\/pages\/2173\/revisions"}],"predecessor-version":[{"id":3469,"href":"https:\/\/ipesrg-scr.infd.edu.ar\/sitio\/wp-json\/wp\/v2\/pages\/2173\/revisions\/3469"}],"wp:attachment":[{"href":"https:\/\/ipesrg-scr.infd.edu.ar\/sitio\/wp-json\/wp\/v2\/media?parent=2173"}],"curies":[{"name":"wp","href":"https:\/\/api.w.org\/{rel}","templated":true}]}}