{"id":2038,"date":"2020-06-11T12:27:53","date_gmt":"2020-06-11T15:27:53","guid":{"rendered":"https:\/\/ipesrg-scr.infd.edu.ar\/sitio\/?page_id=2038"},"modified":"2026-04-06T22:11:00","modified_gmt":"2026-04-07T01:11:00","slug":"becas-progresar","status":"publish","type":"page","link":"https:\/\/ipesrg-scr.infd.edu.ar\/sitio\/becas-progresar\/","title":{"rendered":"Becas PROGRESAR"},"content":{"rendered":"\n<p><strong><u>1er. Convocatoria Marzo 2026<\/u><\/strong><\/p>\n\n\n<div class=\"o9v6fnle cxmmr5t8 oygrvhab hcukyx3x c1et5uql ii04i59q\">\u00a0<\/div>\n<div>\u00a0<\/div>\n<div class=\"o9v6fnle cxmmr5t8 oygrvhab hcukyx3x c1et5uql ii04i59q\">\n<div dir=\"auto\">\n<p style=\"text-align: justify;\">El Programa de Respaldo a Estudiantes de Argentina tiene el objetivo de acompa\u00f1ar y fortalecer las trayectorias educativas de j\u00f3venes y adultos de todo el pa\u00eds. Surge en el a\u00f1o 2014 y es una pol\u00edtica p\u00fablica que lleva adelante el Ministerio de Educaci\u00f3n de la Naci\u00f3n de manera conjunta con Administraci\u00f3n Nacional de la Seguridad Social (ANSES) y todos los organismos de educaci\u00f3n del territorio argentino.<\/p>\n<p style=\"text-align: justify;\">En Santa Cruz su implementaci\u00f3n la lleva adelante el Consejo Provincial de Educaci\u00f3n. Se realizan dos convocatorias anuales:<strong><span style=\"color: #000000;\"> Marzo<\/span><\/strong> y <strong><span style=\"color: #000000;\">Agosto<\/span><\/strong>. Y la inscripci\u00f3n se puede realizar de manera on-line en el sitio web: <a href=\"https:\/\/www.argentina.gob.ar\/educacion\/progresar\/\">https:\/\/www.argentina.gob.ar\/educacion\/progresar\/<\/a> o bien, de manera presencial cuentan con asistencia t\u00e9cnica en los puntos o espacios progresar.<\/p>\n<p>La <strong>1era.<span style=\"color: #000000;\"> Convocatoria 2026<\/span><\/strong>\u00a0para <strong><span style=\"color: #000000;\">Progresar Nivel Superior<\/span><\/strong> estar\u00e1 abierta, del<span style=\"color: #000000;\"><strong>\u00a06 de abril y finalizar\u00e1 el 30 de abril 2026<\/strong><\/span><\/p>\n<p>As\u00ed mismo, se comparte el siguiente <span style=\"color: #000000;\"><strong>Tutorial<\/strong><\/span>\u00a0 para la Inscripci\u00f3n <strong><span style=\"color: #000000;\">On-Line<\/span><\/strong>:\u00a0 \u00a0 \u00a0 \u00a0 \u00a0 \u00a0 \u00a0 \u00a0 \u00a0 \u00a0 \u00a0 \u00a0 \u00a0 \u00a0 \u00a0 \u00a0 \u00a0 \u00a0 \u00a0 \u00a0 \u00a0 \u00a0 \u00a0 \u00a0 \u00a0 \u00a0 \u00a0 \u00a0 \u00a0 \u00a0 \u00a0 \u00a0 \u00a0 \u00a0 \u00a0 \u00a0 \u00a0 \u00a0 \u00a0 \u00a0 \u00a0 \u00a0 \u00a0<a href=\"https:\/\/www.argentina.gob.ar\/sites\/default\/files\/2025\/07\/instructivo_de_inscripcion_-_superior_2026.pdf\" target=\"_blank\" rel=\"noopener\">\u00a0 \u00a0 \u00a0 \u00a0 Instructivo de Inscripci\u00f3n Progresar (Nivel Superior) 2026\u00a0<\/a><\/p>\n<p>Para conocer los requisitos de la l\u00ednea de Beca Progresar nivel Superior hace click aqu\u00ed: <a href=\"https:\/\/www.argentina.gob.ar\/educacion\/progresar\/requisitos\/progresar-nivel-superior\">https:\/\/www.argentina.gob.ar\/educacion\/progresar\/requisitos\/progresar-nivel-superior<\/a><\/p>\n<\/div>\n<\/div>\n<p style=\"text-align: justify;\">\u00a0<\/p>","protected":false},"excerpt":{"rendered":"<p>1er. Convocatoria Marzo 2026 \u00a0 \u00a0 El Programa de Respaldo a Estudiantes de Argentina tiene el objetivo de acompa\u00f1ar y fortalecer las trayectorias educativas de j\u00f3venes y adultos de todo el pa\u00eds. Surge en el a\u00f1o 2014 y es una pol\u00edtica p\u00fablica que lleva adelante el Ministerio de Educaci\u00f3n de la Naci\u00f3n de manera conjunta &#8230; <a title=\"Becas PROGRESAR\" class=\"read-more\" href=\"https:\/\/ipesrg-scr.infd.edu.ar\/sitio\/becas-progresar\/\" aria-label=\"More on Becas PROGRESAR\">[+]<\/a><\/p>\n","protected":false},"author":7,"featured_media":0,"parent":0,"menu_order":0,"comment_status":"closed","ping_status":"closed","template":"","meta":[],"acf":[],"_links":{"self":[{"href":"https:\/\/ipesrg-scr.infd.edu.ar\/sitio\/wp-json\/wp\/v2\/pages\/2038"}],"collection":[{"href":"https:\/\/ipesrg-scr.infd.edu.ar\/sitio\/wp-json\/wp\/v2\/pages"}],"about":[{"href":"https:\/\/ipesrg-scr.infd.edu.ar\/sitio\/wp-json\/wp\/v2\/types\/page"}],"author":[{"embeddable":true,"href":"https:\/\/ipesrg-scr.infd.edu.ar\/sitio\/wp-json\/wp\/v2\/users\/7"}],"replies":[{"embeddable":true,"href":"https:\/\/ipesrg-scr.infd.edu.ar\/sitio\/wp-json\/wp\/v2\/comments?post=2038"}],"version-history":[{"count":17,"href":"https:\/\/ipesrg-scr.infd.edu.ar\/sitio\/wp-json\/wp\/v2\/pages\/2038\/revisions"}],"predecessor-version":[{"id":3533,"href":"https:\/\/ipesrg-scr.infd.edu.ar\/sitio\/wp-json\/wp\/v2\/pages\/2038\/revisions\/3533"}],"wp:attachment":[{"href":"https:\/\/ipesrg-scr.infd.edu.ar\/sitio\/wp-json\/wp\/v2\/media?parent=2038"}],"curies":[{"name":"wp","href":"https:\/\/api.w.org\/{rel}","templated":true}]}}