{"id":1070,"date":"2018-06-29T21:06:09","date_gmt":"2018-06-30T00:06:09","guid":{"rendered":"https:\/\/ipesrg-scr.infd.edu.ar\/sitio\/datos-institucionales\/"},"modified":"2024-08-05T21:05:58","modified_gmt":"2024-08-06T00:05:58","slug":"datos-institucionales","status":"publish","type":"page","link":"https:\/\/ipesrg-scr.infd.edu.ar\/sitio\/datos-institucionales\/","title":{"rendered":"Datos institucionales"},"content":{"rendered":"<blockquote>\n<p style=\"text-align: center;\"><span style=\"font-size: 10pt; font-family: verdana; color: #3366ff;\"><span style=\"font-family: arial black,avant garde;\"><span style=\"font-size: 12pt;\">INSTITUTO PROVINCIAL DE EDUCACI\u00d3N SUPERIOR<\/span><\/span><\/span><\/p>\n<p style=\"text-align: center;\"><span style=\"font-size: 10pt; font-family: verdana; color: #3366ff;\"><span style=\"font-family: arial black,avant garde;\"><span style=\"font-size: 12pt;\">SEDE R\u00cdO GALLEGOS<\/span><\/span><\/span><\/p>\n<p><span style=\"font-size: 10pt; font-family: verdana;\"><span style=\"color: #3366ff;\"><strong><span style=\"color: #6a5acd;\">Horarios de atenci\u00f3n:<\/span><\/strong>\u00a0<\/span> desde las 18:00 hs hasta las 00:00<\/span><\/p>\n<p><span style=\"font-size: 10pt; font-family: verdana;\"><span style=\"font-size: 10pt; font-family: verdana;\"><strong><span style=\"font-size: 10pt; font-family: verdana;\"><span style=\"color: #3366ff;\"><span style=\"color: #6a5acd;\">Direcci\u00f3n<\/span><\/span>:<\/span><\/strong><\/span> R\u00edo Gallegos \u2013 Santa Cruz \u2013 CP 9400 \u2013 Maip\u00fa N\u00b0 53<\/span><\/p>\n<p><span style=\"font-size: 10pt; font-family: verdana;\" data-mce-mark=\"1\"><span style=\"color: #3366ff;\" data-mce-mark=\"1\"><strong><span style=\"color: #6a5acd;\" data-mce-mark=\"1\">Tel\u00e9fonos:<\/span><\/strong><\/span> (02966)\u00a0425687<\/span><\/p>\n<p><span style=\"font-size: 10pt; font-family: verdana;\"><span style=\"color: #3366ff;\"><strong><span style=\"color: #6a5acd;\">URL:<\/span> <\/strong><\/span><a href=\"http:\/\/ipesrg.scr.srv18.infd.edu.ar\">http:\/\/ipesrg.scr.srv18.infd.edu.ar<\/a><\/span><\/p><\/blockquote>\n","protected":false},"excerpt":{"rendered":"<p>INSTITUTO PROVINCIAL DE EDUCACI\u00d3N SUPERIOR SEDE R\u00cdO GALLEGOS Horarios de atenci\u00f3n:\u00a0 desde las 18:00 hs hasta las 00:00 Direcci\u00f3n: R\u00edo Gallegos \u2013 Santa Cruz \u2013 CP 9400 \u2013 Maip\u00fa N\u00b0 53 Tel\u00e9fonos: (02966)\u00a0425687 URL: http:\/\/ipesrg.scr.srv18.infd.edu.ar<\/p>\n","protected":false},"author":7,"featured_media":0,"parent":0,"menu_order":0,"comment_status":"closed","ping_status":"closed","template":"","meta":[],"acf":[],"_links":{"self":[{"href":"https:\/\/ipesrg-scr.infd.edu.ar\/sitio\/wp-json\/wp\/v2\/pages\/1070"}],"collection":[{"href":"https:\/\/ipesrg-scr.infd.edu.ar\/sitio\/wp-json\/wp\/v2\/pages"}],"about":[{"href":"https:\/\/ipesrg-scr.infd.edu.ar\/sitio\/wp-json\/wp\/v2\/types\/page"}],"author":[{"embeddable":true,"href":"https:\/\/ipesrg-scr.infd.edu.ar\/sitio\/wp-json\/wp\/v2\/users\/7"}],"replies":[{"embeddable":true,"href":"https:\/\/ipesrg-scr.infd.edu.ar\/sitio\/wp-json\/wp\/v2\/comments?post=1070"}],"version-history":[{"count":1,"href":"https:\/\/ipesrg-scr.infd.edu.ar\/sitio\/wp-json\/wp\/v2\/pages\/1070\/revisions"}],"predecessor-version":[{"id":2859,"href":"https:\/\/ipesrg-scr.infd.edu.ar\/sitio\/wp-json\/wp\/v2\/pages\/1070\/revisions\/2859"}],"wp:attachment":[{"href":"https:\/\/ipesrg-scr.infd.edu.ar\/sitio\/wp-json\/wp\/v2\/media?parent=1070"}],"curies":[{"name":"wp","href":"https:\/\/api.w.org\/{rel}","templated":true}]}}